{"id":3869,"date":"2026-02-01T00:00:00","date_gmt":"2026-01-31T23:00:00","guid":{"rendered":"https:\/\/fabia.warp3.io\/?page_id=3869"},"modified":"2026-03-12T20:24:51","modified_gmt":"2026-03-12T19:24:51","slug":"site-notice","status":"publish","type":"page","link":"https:\/\/www.fabia.at\/en\/site-notice\/","title":{"rendered":"Site Notice"},"content":{"rendered":"\n<h1 class=\"wp-block-heading\">Site Notice<\/h1>\n\n\n\n<p>Segafredo Zanetti Austria Ges.m.b.H.<br>Hallwanger Landesstra\u00dfe 10<br>5300 Hallwang bei Salzburg<\/p>\n\n\n\n<p><strong>Represented by:<\/strong><br>Gesch\u00e4ftsf\u00fchrer Wolfgang Reichl<\/p>\n\n\n\n<h2 class=\"wp-block-heading\">Contact<\/h2>\n\n\n\n<p>Phone: +43 662 661 382<br>Telefax: +43 662 661 385<br>E-mail: info@segafredo.at<\/p>\n\n\n\n<h2 class=\"wp-block-heading\">VAT ID<\/h2>\n\n\n\n<p>Sales tax identification number according to Sect. 27 a of the Sales Tax Law:<br>ATU 34909800<\/p>\n\n\n\n<h2 class=\"wp-block-heading\">Dispute resolution proceedings in front of a consumer arbitration board<\/h2>\n\n\n\n<p>We are not willing or obliged to participate in dispute resolution proceedings in front of a consumer arbitration board.<\/p>\n\n\n\n<p>website powered by warp3.at<\/p>\n","protected":false},"excerpt":{"rendered":"<p>Site Notice Segafredo Zanetti Austria Ges.m.b.H.Hallwanger Landesstra\u00dfe 105300 Hallwang bei Salzburg Represented by:Gesch\u00e4ftsf\u00fchrer Wolfgang Reichl Contact Phone: +43 662 661 382Telefax: +43 662 661 385E-mail: info@segafredo.at VAT ID Sales tax identification number according to Sect. 27 a of the Sales Tax Law:ATU 34909800 Dispute resolution proceedings in front of a consumer arbitration board We are [&hellip;]<\/p>\n","protected":false},"author":1,"featured_media":0,"parent":0,"menu_order":9,"comment_status":"closed","ping_status":"closed","template":"content.blade.php","meta":{"_acf_changed":false,"footnotes":""},"class_list":["post-3869","page","type-page","status-publish","hentry"],"acf":[],"_links":{"self":[{"href":"https:\/\/www.fabia.at\/en\/wp-json\/wp\/v2\/pages\/3869","targetHints":{"allow":["GET"]}}],"collection":[{"href":"https:\/\/www.fabia.at\/en\/wp-json\/wp\/v2\/pages"}],"about":[{"href":"https:\/\/www.fabia.at\/en\/wp-json\/wp\/v2\/types\/page"}],"author":[{"embeddable":true,"href":"https:\/\/www.fabia.at\/en\/wp-json\/wp\/v2\/users\/1"}],"replies":[{"embeddable":true,"href":"https:\/\/www.fabia.at\/en\/wp-json\/wp\/v2\/comments?post=3869"}],"version-history":[{"count":1,"href":"https:\/\/www.fabia.at\/en\/wp-json\/wp\/v2\/pages\/3869\/revisions"}],"predecessor-version":[{"id":3870,"href":"https:\/\/www.fabia.at\/en\/wp-json\/wp\/v2\/pages\/3869\/revisions\/3870"}],"wp:attachment":[{"href":"https:\/\/www.fabia.at\/en\/wp-json\/wp\/v2\/media?parent=3869"}],"curies":[{"name":"wp","href":"https:\/\/api.w.org\/{rel}","templated":true}]}}